{"id":154,"date":"2026-02-02T14:47:29","date_gmt":"2026-02-02T14:47:29","guid":{"rendered":"http:\/\/oguzbeykahve.com\/?page_id=154"},"modified":"2026-02-13T10:19:04","modified_gmt":"2026-02-13T10:19:04","slug":"oguz-guldag-isletme-sahibi","status":"publish","type":"page","link":"https:\/\/oguzbeykahve.com\/?page_id=154","title":{"rendered":"O\u011fuz G\u00fclda\u011f (\u0130\u015fletme Sahibi)"},"content":{"rendered":"\n\n\n\n\n\n\n\n\n\n\n<p>\u0130\u015f hayat\u0131ma kendi kahvehanemizde \u00e7al\u0131\u015farak ba\u015flad\u0131m. Lise y\u0131llar\u0131mda ise lise staj\u0131m i\u00e7in yaz ay\u0131nda \u00e7al\u0131\u015ft\u0131m. <strong>T.\u00dc.<\/strong> Grafik Tasar\u0131m b\u00f6l\u00fcm\u00fc ve <strong>BA\u00dcN.<\/strong> \u0130\u015fletme Y\u00f6netimi b\u00f6l\u00fcm\u00fc aras\u0131ndaki 2 senelik s\u00fcrede ise markette \u00e7al\u0131\u015ft\u0131m. Markete \u015fark\u00fcteri eleman\u0131 olarak girdim, m\u00fcd\u00fcr yard\u0131mc\u0131s\u0131 olarak \u00e7\u0131kt\u0131m. Daha sonra a\u00e7t\u0131\u011f\u0131m\u0131z b\u00f6rek\u00e7i d\u00fckkan\u0131nda \u00e7al\u0131\u015ft\u0131m. Maalesef d\u00fckkan\u0131m\u0131z \u00e7ok uzun s\u00fcrmedi. <\/p>\n\n\n\n<p>Sonraki zamanlarda blog yazarl\u0131\u011f\u0131na ba\u015flad\u0131m. \u0130lk olarak 2020 y\u0131l\u0131nda Google\u2019nin kullan\u0131c\u0131lara \u00fccretsiz sundu\u011fu Blogger sitesinde, Kendimce Giri\u015fim Fikirleri ad\u0131yla yaz\u0131lar\u0131m\u0131 payla\u015farak ba\u015flad\u0131m. Ard\u0131ndan farkl\u0131 konulara de\u011finmek, daha kapsay\u0131c\u0131 ve profesyonel olmak istedim. Bunun i\u00e7in ilk \u00f6nce sitemin ad\u0131n\u0131 Giri\u015fim Geli\u015fim olarak de\u011fi\u015ftirdim. 11 Ocak 2021 y\u0131l\u0131nda ise <a href=\"https:\/\/www.girisimgelisim.com\/\" target=\"_blank\" rel=\"noreferrer noopener\"><mark style=\"background-color:rgba(0, 0, 0, 0);color:#a91101\" class=\"has-inline-color\">www.girisimgelisim.com<\/mark><\/a>\u2018u a\u00e7t\u0131m. 2021\u2019in sonlar\u0131nda ise k\u0131sa s\u00fcreli\u011fine lokantada i\u015fe girdim. Ard\u0131ndan Deniz Kuvvetlerinde askerli\u011fimi yapt\u0131m. Geldi\u011fimde ise Edirne&#8217;de yerel bir bar restorantta i\u015fe ba\u015flad\u0131m. <\/p>\n\n\n\n<p>Kahve sevgime gelecek olursak, askerlikten sonra daha da yo\u011funla\u015ft\u0131m. Tabii \u00f6nceleri de kahve seviyordum ama askerden sonra sadece i\u00e7meyle kalmad\u0131m. Ara\u015ft\u0131rmalar yap\u0131nca ve daha da ilgilenmeye ba\u015flay\u0131nca kahveyi i\u015f olarak d\u00fc\u015f\u00fcnmeye ba\u015flad\u0131m. Askerden sonraki i\u015fimden \u00e7\u0131k\u0131nca yakla\u015f\u0131k 1 sene sonra O\u011fuz Bey Kahve&#8217;yi kurdum. \u015eu an ise yerel halka T\u00fcrk kahvesi ba\u015fta olmak \u00fczere kahve \u00e7ekirde\u011fi ve \u00f6\u011f\u00fctme hizmet vermekteyim. Ayr\u0131ca bitki \u00e7aylar\u0131 ve kahve yan\u0131 at\u0131\u015ft\u0131rmal\u0131klar da sunmaktay\u0131m.<\/p>\n\n\n\n<p>Bu arada g\u00f6zbebeklerimden biri olan <a href=\"https:\/\/www.girisimgelisim.com\/\" target=\"_blank\" rel=\"noreferrer noopener\"><mark style=\"background-color:rgba(0, 0, 0, 0);color:#a91101\" class=\"has-inline-color\">www.girisimgelisim.com<\/mark><\/a>&#8216;u devam ettiriyorum. <a href=\"https:\/\/www.instagram.com\/girisim.gelisim\/\" data-type=\"link\" data-id=\"https:\/\/www.instagram.com\/girisim.gelisim\/\" target=\"_blank\" rel=\"noreferrer noopener\"><mark style=\"background-color:rgba(0, 0, 0, 0);color:#a91101\" class=\"has-inline-color\">\u0130nstagram<\/mark><\/a> ve <a href=\"https:\/\/www.youtube.com\/channel\/UCRwqyncpahj9JXp00Gug4YA\" data-type=\"link\" data-id=\"https:\/\/www.youtube.com\/channel\/UCRwqyncpahj9JXp00Gug4YA\" target=\"_blank\" rel=\"noreferrer noopener\"><mark style=\"background-color:rgba(0, 0, 0, 0);color:#a91101\" class=\"has-inline-color\">Youtube<\/mark><\/a>&#8216;de ikisinde de beni takip eden dostlar\u0131m daha da \u00e7o\u011fal\u0131yor. Bu arada <a href=\"https:\/\/www.tiktok.com\/@bestfilmizle\" data-type=\"link\" data-id=\"https:\/\/www.tiktok.com\/@bestfilmizle\" target=\"_blank\" rel=\"noreferrer noopener\"><mark style=\"background-color:rgba(0, 0, 0, 0);color:#a91101\" class=\"has-inline-color\">Tiktok<\/mark><\/a>&#8216;ta da <a href=\"https:\/\/www.tiktok.com\/@bestfilmizle\" data-type=\"link\" data-id=\"https:\/\/www.tiktok.com\/@bestfilmizle\" target=\"_blank\" rel=\"noreferrer noopener\"><mark style=\"background-color:rgba(0, 0, 0, 0);color:#a91101\" class=\"has-inline-color\">bestfilmizle<\/mark><\/a> adl\u0131 14.000 takip\u00e7ili hesab\u0131m var. Belki bu sayfalar\u0131m\u0131 da takip etmek istersiniz. \ud83d\ude42<\/p>\n","protected":false},"excerpt":{"rendered":"<p>\u0130\u015f hayat\u0131ma kendi kahvehanemizde \u00e7al\u0131\u015farak ba\u015flad\u0131m. Lise y\u0131llar\u0131mda ise lise staj\u0131m i\u00e7in yaz ay\u0131nda \u00e7al\u0131\u015ft\u0131m. T.\u00dc. Grafik Tasar\u0131m b\u00f6l\u00fcm\u00fc ve BA\u00dcN. \u0130\u015fletme Y\u00f6netimi b\u00f6l\u00fcm\u00fc aras\u0131ndaki 2 senelik s\u00fcrede ise markette \u00e7al\u0131\u015ft\u0131m. Markete \u015fark\u00fcteri eleman\u0131 olarak girdim, m\u00fcd\u00fcr yard\u0131mc\u0131s\u0131 olarak \u00e7\u0131kt\u0131m. Daha sonra a\u00e7t\u0131\u011f\u0131m\u0131z b\u00f6rek\u00e7i d\u00fckkan\u0131nda \u00e7al\u0131\u015ft\u0131m. Maalesef d\u00fckkan\u0131m\u0131z \u00e7ok uzun s\u00fcrmedi. Sonraki zamanlarda blog yazarl\u0131\u011f\u0131na [&hellip;]<\/p>\n","protected":false},"author":1,"featured_media":98,"parent":0,"menu_order":0,"comment_status":"closed","ping_status":"closed","template":"","meta":{"saved_in_kubio":true,"footnotes":""},"class_list":["post-154","page","type-page","status-publish","has-post-thumbnail","hentry"],"kubio_ai_page_context":{"short_desc":"","purpose":"general"},"_links":{"self":[{"href":"https:\/\/oguzbeykahve.com\/index.php?rest_route=\/wp\/v2\/pages\/154","targetHints":{"allow":["GET"]}}],"collection":[{"href":"https:\/\/oguzbeykahve.com\/index.php?rest_route=\/wp\/v2\/pages"}],"about":[{"href":"https:\/\/oguzbeykahve.com\/index.php?rest_route=\/wp\/v2\/types\/page"}],"author":[{"embeddable":true,"href":"https:\/\/oguzbeykahve.com\/index.php?rest_route=\/wp\/v2\/users\/1"}],"replies":[{"embeddable":true,"href":"https:\/\/oguzbeykahve.com\/index.php?rest_route=%2Fwp%2Fv2%2Fcomments&post=154"}],"version-history":[{"count":13,"href":"https:\/\/oguzbeykahve.com\/index.php?rest_route=\/wp\/v2\/pages\/154\/revisions"}],"predecessor-version":[{"id":302,"href":"https:\/\/oguzbeykahve.com\/index.php?rest_route=\/wp\/v2\/pages\/154\/revisions\/302"}],"wp:featuredmedia":[{"embeddable":true,"href":"https:\/\/oguzbeykahve.com\/index.php?rest_route=\/wp\/v2\/media\/98"}],"wp:attachment":[{"href":"https:\/\/oguzbeykahve.com\/index.php?rest_route=%2Fwp%2Fv2%2Fmedia&parent=154"}],"curies":[{"name":"wp","href":"https:\/\/api.w.org\/{rel}","templated":true}]}}